{"id":3850,"date":"2022-05-23T09:02:41","date_gmt":"2022-05-23T09:02:41","guid":{"rendered":"https:\/\/labuenatierra.es\/?post_type=product&#038;p=3850"},"modified":"2025-12-10T16:58:09","modified_gmt":"2025-12-10T16:58:09","slug":"pistachio-flavoured-coffee","status":"publish","type":"product","link":"https:\/\/labuenatierra.es\/en\/product\/pistachio-flavoured-coffee","title":{"rendered":"Caf\u00e9 Pistacho 100gr."},"content":{"rendered":"<p>At \"La Buena Tierra Tea shop &amp; Chocolates\" we offer you more than 15 varieties of flavoured coffee with natural aromas. With Costa Rican origin, 100% Arabica, from artisan and sustainable plantations. In addition, you can choose whether you prefer your 100g packet in beans or ground.<\/p>\n<p>We can give you more information about any of our varieties in our contact section, please do not hesitate to ask us for more information. <a href=\"https:\/\/labuenatierra.es\/en\/contact\/\" target=\"_blank\" rel=\"noopener noreferrer\"><strong>here<\/strong><\/a>!<\/p>","protected":false},"excerpt":{"rendered":"<p>En \u00abLa Buena Tierra Tea shop &amp; Chocolates\u00bb te ofrecemos m\u00e1s de 15 variedades de caf\u00e9 aromatizado con aromas naturales. Con origen Costa Rica, 100% ar\u00e1bico, procedente de plantaciones artesanales y sostenibles. Adem\u00e1s, puedes elegir si prefieres tu paquete de 100gr en grano o molido. Podemos ofrecerte m\u00e1s informaci\u00f3n sobre cualquiera de nuestras variedades en [&hellip;]<\/p>\n","protected":false},"featured_media":3853,"template":"","meta":[],"product_brand":[],"product_cat":[91],"product_tag":[],"class_list":{"0":"post-3850","1":"product","2":"type-product","3":"status-publish","4":"has-post-thumbnail","6":"product_cat-cafe","8":"first","9":"instock","10":"taxable","11":"shipping-taxable","12":"purchasable","13":"product-type-variable"},"_links":{"self":[{"href":"https:\/\/labuenatierra.es\/en\/wp-json\/wp\/v2\/product\/3850","targetHints":{"allow":["GET"]}}],"collection":[{"href":"https:\/\/labuenatierra.es\/en\/wp-json\/wp\/v2\/product"}],"about":[{"href":"https:\/\/labuenatierra.es\/en\/wp-json\/wp\/v2\/types\/product"}],"wp:featuredmedia":[{"embeddable":true,"href":"https:\/\/labuenatierra.es\/en\/wp-json\/wp\/v2\/media\/3853"}],"wp:attachment":[{"href":"https:\/\/labuenatierra.es\/en\/wp-json\/wp\/v2\/media?parent=3850"}],"wp:term":[{"taxonomy":"product_brand","embeddable":true,"href":"https:\/\/labuenatierra.es\/en\/wp-json\/wp\/v2\/product_brand?post=3850"},{"taxonomy":"product_cat","embeddable":true,"href":"https:\/\/labuenatierra.es\/en\/wp-json\/wp\/v2\/product_cat?post=3850"},{"taxonomy":"product_tag","embeddable":true,"href":"https:\/\/labuenatierra.es\/en\/wp-json\/wp\/v2\/product_tag?post=3850"}],"curies":[{"name":"wp","href":"https:\/\/api.w.org\/{rel}","templated":true}]}}