{"id":3548,"date":"2021-09-23T10:36:59","date_gmt":"2021-09-23T10:36:59","guid":{"rendered":"https:\/\/labuenatierra.es\/?post_type=product&#038;p=3548"},"modified":"2023-08-04T16:27:06","modified_gmt":"2023-08-04T16:27:06","slug":"lemon-balm-infusion","status":"publish","type":"product","link":"https:\/\/labuenatierra.es\/en\/product\/lemon-balm-infusion","title":{"rendered":"Melissa Infusion"},"content":{"rendered":"<p>At \"La Buena Tierra Tea shop &amp; Chocolates\" we work with the best quality teas. We can offer you more information about any of our varieties in our contact section. We will inform you about the origin, the Province or Valley it comes from, the year of harvest, the season of the year it was picked or the altitude at which it was harvested. Don't hesitate to ask us. <a href=\"https:\/\/labuenatierra.es\/en\/contact\/\" target=\"_blank\" rel=\"noopener noreferrer\"><strong>here<\/strong><\/a>!<\/p>","protected":false},"excerpt":{"rendered":"<p>En \u00abLa Buena Tierra Tea shop &amp; Chocolates\u00bb trabajamos con t\u00e9s de la mejor calidad. Podemos ofrecerte m\u00e1s informaci\u00f3n sobre cualquiera de nuestras variedades en nuestra secci\u00f3n de contacto. Te informaremos sobre el origen, la Provincia o Valle del que procede, el a\u00f1o de cosecha, la estaci\u00f3n del a\u00f1o en la que fue recogido o [&hellip;]<\/p>\n","protected":false},"featured_media":3552,"template":"","meta":[],"product_brand":[],"product_cat":[30],"product_tag":[],"class_list":{"0":"post-3548","1":"product","2":"type-product","3":"status-publish","4":"has-post-thumbnail","6":"product_cat-infusiones","8":"first","9":"instock","10":"taxable","11":"shipping-taxable","12":"purchasable","13":"product-type-variable"},"_links":{"self":[{"href":"https:\/\/labuenatierra.es\/en\/wp-json\/wp\/v2\/product\/3548","targetHints":{"allow":["GET"]}}],"collection":[{"href":"https:\/\/labuenatierra.es\/en\/wp-json\/wp\/v2\/product"}],"about":[{"href":"https:\/\/labuenatierra.es\/en\/wp-json\/wp\/v2\/types\/product"}],"wp:featuredmedia":[{"embeddable":true,"href":"https:\/\/labuenatierra.es\/en\/wp-json\/wp\/v2\/media\/3552"}],"wp:attachment":[{"href":"https:\/\/labuenatierra.es\/en\/wp-json\/wp\/v2\/media?parent=3548"}],"wp:term":[{"taxonomy":"product_brand","embeddable":true,"href":"https:\/\/labuenatierra.es\/en\/wp-json\/wp\/v2\/product_brand?post=3548"},{"taxonomy":"product_cat","embeddable":true,"href":"https:\/\/labuenatierra.es\/en\/wp-json\/wp\/v2\/product_cat?post=3548"},{"taxonomy":"product_tag","embeddable":true,"href":"https:\/\/labuenatierra.es\/en\/wp-json\/wp\/v2\/product_tag?post=3548"}],"curies":[{"name":"wp","href":"https:\/\/api.w.org\/{rel}","templated":true}]}}