{"id":1131,"date":"2017-06-02T09:34:18","date_gmt":"2017-06-02T09:34:18","guid":{"rendered":"https:\/\/labuenatierra.es\/?post_type=product&#038;p=1131"},"modified":"2023-08-18T12:16:49","modified_gmt":"2023-08-18T12:16:49","slug":"blue-oolong-orange-tea","status":"publish","type":"product","link":"https:\/\/labuenatierra.es\/en\/product\/blue-oolong-orange-tea","title":{"rendered":"Blue Oolong Orange Tea"},"content":{"rendered":"<p>Ingredients: Blue oolong tea with orange peel and orange blossom petals.<\/p>\n<p>At \"La Buena Tierra Tea shop &amp; Chocolates\" we work with the best quality teas. We can offer you more information about any of our varieties in our contact section. We will inform you about the origin, the Province or Valley it comes from, the year of harvest, the season of the year it was picked or the altitude at which it was harvested. Don't hesitate to ask us. <a href=\"https:\/\/labuenatierra.es\/en\/contact\/\" target=\"_blank\" rel=\"noopener\"><strong>here<\/strong><\/a>!<\/p>","protected":false},"excerpt":{"rendered":"<p>Ingredientes: T\u00e9 azul oolong con corteza de naranja y p\u00e9talos de azahar. En \u00abLa Buena Tierra Tea shop &amp; Chocolates\u00bb trabajamos con t\u00e9s de la mejor calidad. Podemos ofrecerte m\u00e1s informaci\u00f3n sobre cualquiera de nuestras variedades en nuestra secci\u00f3n de contacto. Te informaremos sobre el origen, la Provincia o Valle del que procede, el a\u00f1o [&hellip;]<\/p>\n","protected":false},"featured_media":1622,"template":"","meta":[],"product_brand":[],"product_cat":[49],"product_tag":[],"class_list":{"0":"post-1131","1":"product","2":"type-product","3":"status-publish","4":"has-post-thumbnail","6":"product_cat-te-azul","8":"first","9":"instock","10":"taxable","11":"shipping-taxable","12":"purchasable","13":"product-type-variable"},"_links":{"self":[{"href":"https:\/\/labuenatierra.es\/en\/wp-json\/wp\/v2\/product\/1131","targetHints":{"allow":["GET"]}}],"collection":[{"href":"https:\/\/labuenatierra.es\/en\/wp-json\/wp\/v2\/product"}],"about":[{"href":"https:\/\/labuenatierra.es\/en\/wp-json\/wp\/v2\/types\/product"}],"wp:featuredmedia":[{"embeddable":true,"href":"https:\/\/labuenatierra.es\/en\/wp-json\/wp\/v2\/media\/1622"}],"wp:attachment":[{"href":"https:\/\/labuenatierra.es\/en\/wp-json\/wp\/v2\/media?parent=1131"}],"wp:term":[{"taxonomy":"product_brand","embeddable":true,"href":"https:\/\/labuenatierra.es\/en\/wp-json\/wp\/v2\/product_brand?post=1131"},{"taxonomy":"product_cat","embeddable":true,"href":"https:\/\/labuenatierra.es\/en\/wp-json\/wp\/v2\/product_cat?post=1131"},{"taxonomy":"product_tag","embeddable":true,"href":"https:\/\/labuenatierra.es\/en\/wp-json\/wp\/v2\/product_tag?post=1131"}],"curies":[{"name":"wp","href":"https:\/\/api.w.org\/{rel}","templated":true}]}}