{"id":5984,"date":"2026-04-11T11:25:45","date_gmt":"2026-04-11T11:25:45","guid":{"rendered":"https:\/\/labuenatierra.es\/?post_type=product&#038;p=5984"},"modified":"2026-04-11T11:25:46","modified_gmt":"2026-04-11T11:25:46","slug":"hoja-de-frambuesa-ecologica","status":"publish","type":"product","link":"http:\/\/labuenatierra.es\/en\/product\/hoja-de-frambuesa-ecologica","title":{"rendered":"Hoja de Frambuesa Ecol\u00f3gica"},"content":{"rendered":"<p>Infusi\u00f3n Ecol\u00f3gica de Hoja de Frambuesa.<\/p>\n<p>Ingredientes: hoja de frambuesa 100% de cultivo ecol\u00f3gico.<\/p>\n<p>Infusionar de 5 a 8 minutos.<\/p>","protected":false},"excerpt":{"rendered":"<p>Infusi\u00f3n Hoja de Frambuesa Ecol\u00f3gica.<\/p>","protected":false},"featured_media":150,"template":"","meta":[],"product_brand":[],"product_cat":[30],"product_tag":[],"class_list":{"0":"post-5984","1":"product","2":"type-product","3":"status-publish","4":"has-post-thumbnail","6":"product_cat-infusiones","7":"pa_peso-100gr","8":"pa_peso-200gr","9":"pa_peso-50gr","11":"first","12":"instock","13":"taxable","14":"shipping-taxable","15":"purchasable","16":"product-type-simple"},"_links":{"self":[{"href":"http:\/\/labuenatierra.es\/en\/wp-json\/wp\/v2\/product\/5984","targetHints":{"allow":["GET"]}}],"collection":[{"href":"http:\/\/labuenatierra.es\/en\/wp-json\/wp\/v2\/product"}],"about":[{"href":"http:\/\/labuenatierra.es\/en\/wp-json\/wp\/v2\/types\/product"}],"wp:featuredmedia":[{"embeddable":true,"href":"http:\/\/labuenatierra.es\/en\/wp-json\/wp\/v2\/media\/150"}],"wp:attachment":[{"href":"http:\/\/labuenatierra.es\/en\/wp-json\/wp\/v2\/media?parent=5984"}],"wp:term":[{"taxonomy":"product_brand","embeddable":true,"href":"http:\/\/labuenatierra.es\/en\/wp-json\/wp\/v2\/product_brand?post=5984"},{"taxonomy":"product_cat","embeddable":true,"href":"http:\/\/labuenatierra.es\/en\/wp-json\/wp\/v2\/product_cat?post=5984"},{"taxonomy":"product_tag","embeddable":true,"href":"http:\/\/labuenatierra.es\/en\/wp-json\/wp\/v2\/product_tag?post=5984"}],"curies":[{"name":"wp","href":"https:\/\/api.w.org\/{rel}","templated":true}]}}