{"id":1934,"date":"2017-11-14T11:26:25","date_gmt":"2017-11-14T11:26:25","guid":{"rendered":"https:\/\/labuenatierra.es\/?page_id=1934"},"modified":"2025-09-16T11:24:16","modified_gmt":"2025-09-16T11:24:16","slug":"matcha","status":"publish","type":"page","link":"http:\/\/labuenatierra.es\/en\/matcha","title":{"rendered":"Matcha"},"content":{"rendered":"<div class=\"wpb-content-wrapper\"><div class=\"vc_row wpb_row vc_row-fluid vc_custom_1510656556025\"><div class=\"wpb_column vc_column_container vc_col-sm-12\"><div class=\"vc_column-inner vc_custom_1510656564798\"><div class=\"wpb_wrapper\"><div class=\"sc_content content_wrap margin_bottom_large\"><div class=\"sc_section aligncenter\"><div class=\"sc_section_inner\"><div class=\"sc_section_content_wrap\"><h1 class=\"sc_title sc_title_regular sc_align_center margin_top_huge margin_bottom_small\" style=\"````text-align:center;color:#C2B698;font-weight:700;font-size:20px;\"><\/p>\n<h4 style=\"text-align: center;\"><span style=\"color: #c2b698;\"><strong>WHAT IS MATCHA?<\/strong><\/span><\/h4>\n<p><\/h1><h4 class=\"sc_title sc_title_regular sc_align_center margin_bottom_large\" style=\"line-height: 1.52;text-align:center;\">Matcha is the whole green tea leaf, which after a special process of cultivation, harvesting and drying, is ground to obtain a <strong>fine, deep green powder<\/strong> which multiplies the benefits of green tea.<\/h4><div class=\"vc_row wpb_row vc_inner vc_row-fluid\"><div class=\"wpb_column vc_column_container vc_col-sm-3\"><div class=\"vc_column-inner\"><div class=\"wpb_wrapper\">\n\t<div  class=\"wpb_single_image wpb_content_element vc_align_left wpb_content_element\">\n\t\t\n\t\t<figure class=\"wpb_wrapper vc_figure\">\n\t\t\t<div class=\"vc_single_image-wrapper   vc_box_border_grey\"><img decoding=\"async\" width=\"600\" height=\"583\" src=\"https:\/\/labuenatierra.es\/wp-content\/uploads\/2017\/11\/matchate-cuchara.jpg\" class=\"vc_single_image-img attachment-full\" alt=\"matchate spoon\" title=\"matchate spoon\" srcset=\"https:\/\/labuenatierra.es\/wp-content\/uploads\/2017\/11\/matchate-cuchara.jpg 600w, https:\/\/labuenatierra.es\/wp-content\/uploads\/2017\/11\/matchate-cuchara-300x292.jpg 300w\" sizes=\"(max-width: 600px) 100vw, 600px\" \/><\/div>\n\t\t<\/figure>\n\t<\/div>\n<\/div><\/div><\/div><div class=\"wpb_column vc_column_container vc_col-sm-9\"><div class=\"vc_column-inner\"><div class=\"wpb_wrapper\">\n\t<div class=\"wpb_text_column wpb_content_element vc_custom_1510658023301\" >\n\t\t<div class=\"wpb_wrapper\">\n\t\t\t<p style=\"text-align: left;\">The <strong>Matcha Tea<\/strong> is a centuries-old drink, one of Japan's most classic beverages, which has seen a boost in consumption in the West in recent years due to its wide range of properties and benefits.<\/p>\n<p style=\"text-align: left;\">One of the most important properties of Matcha tea is that when we consume it, we are consuming the whole leaf, which is the most important part of the tea.<strong>\u00a0provides more vitamins, minerals, antioxidants and amino acids than if we drink the infusion alone.<\/strong>\u00a0as in other teas. This difference is so substantial that a<strong>glass of matcha is equivalent to 10 glasses of green tea in antioxidant content and nutritional value.\u00a0<\/strong><\/p>\n<p style=\"text-align: left;\">The other major difference compared to conventional green tea is the higher antioxidant content, produced when the plant is hidden from the sun's rays.<\/p>\n\n\t\t<\/div>\n\t<\/div>\n<\/div><\/div><\/div><\/div><\/div><\/div><\/div><\/div><div class=\"vc_separator wpb_content_element vc_separator_align_center vc_sep_width_100 vc_sep_pos_align_center vc_separator_no_text vc_sep_color_grey wpb_content_element  wpb_content_element\" ><span class=\"vc_sep_holder vc_sep_holder_l\"><span class=\"vc_sep_line\"><\/span><\/span><span class=\"vc_sep_holder vc_sep_holder_r\"><span class=\"vc_sep_line\"><\/span><\/span>\n<\/div><\/div><\/div><\/div><\/div><div class=\"vc_row wpb_row vc_row-fluid vc_custom_1510657726145\"><div class=\"wpb_column vc_column_container vc_col-sm-12\"><div class=\"vc_column-inner vc_custom_1510657732961\"><div class=\"wpb_wrapper\"><div class=\"sc_content content_wrap margin_bottom_large\"><div class=\"sc_section aligncenter\"><div class=\"sc_section_inner\"><div class=\"sc_section_content_wrap\"><h6 class=\"sc_title sc_title_regular sc_align_center margin_top_huge margin_bottom_small\" style=\"text-align:center;\"><\/p>\n<p style=\"text-align: center;\">ORIGIN OF MATCHA TEA<\/p>\n<p><\/h6><h4 class=\"sc_title sc_title_regular sc_align_center margin_bottom_large\" style=\"line-height: 1.52;text-align:center;\">The<strong>\u00a0<\/strong>Matcha has its origins in <strong>China<\/strong>during the Song dynasty in the 10th century. During this time they thought that the tea could be ground so that not only could the tea be drunk, but <strong>the whole sheet<\/strong>.<\/h4><div class=\"vc_row wpb_row vc_inner vc_row-fluid\"><div class=\"wpb_column vc_column_container vc_col-sm-6\"><div class=\"vc_column-inner\"><div class=\"wpb_wrapper\">\n\t<div  class=\"wpb_single_image wpb_content_element vc_align_left wpb_content_element\">\n\t\t\n\t\t<figure class=\"wpb_wrapper vc_figure\">\n\t\t\t<div class=\"vc_single_image-wrapper   vc_box_border_grey\"><img decoding=\"async\" width=\"1857\" height=\"1024\" src=\"https:\/\/labuenatierra.es\/wp-content\/uploads\/2017\/11\/c76ae5fd.jpg\" class=\"vc_single_image-img attachment-full\" alt=\"c76ae5fd\" title=\"c76ae5fd\" srcset=\"https:\/\/labuenatierra.es\/wp-content\/uploads\/2017\/11\/c76ae5fd.jpg 1857w, https:\/\/labuenatierra.es\/wp-content\/uploads\/2017\/11\/c76ae5fd-600x331.jpg 600w, https:\/\/labuenatierra.es\/wp-content\/uploads\/2017\/11\/c76ae5fd-300x165.jpg 300w, https:\/\/labuenatierra.es\/wp-content\/uploads\/2017\/11\/c76ae5fd-768x423.jpg 768w, https:\/\/labuenatierra.es\/wp-content\/uploads\/2017\/11\/c76ae5fd-1024x565.jpg 1024w\" sizes=\"(max-width: 1857px) 100vw, 1857px\" \/><\/div>\n\t\t<\/figure>\n\t<\/div>\n<\/div><\/div><\/div><div class=\"wpb_column vc_column_container vc_col-sm-6\"><div class=\"vc_column-inner\"><div class=\"wpb_wrapper\">\n\t<div class=\"wpb_text_column wpb_content_element vc_custom_1510658385054\" >\n\t\t<div class=\"wpb_wrapper\">\n\t\t\t<p style=\"text-align: left;\">Later, the Buddhist monk Eisai <strong>moved to Japan<\/strong>Since 1191, this tea has been used for the well-known Japanese tea ceremony, just like the other varieties of red, black, white, blue or green tea.<\/p>\n<p style=\"text-align: left;\">Because of the <strong>refining its production<\/strong>Matcha, its preparation and consumption, began as an upper-class drink, and it is true that it is one of the most popular Matcha teas in the world. <strong>more expensive varieties<\/strong> that we offer at La Buena Tierra. However, its many health benefits outweigh the benefits of a conventional green tea. In addition, in the West we have the advantage of being able to consume it without a previous ceremony. We will explain how to prepare it a little further down.<\/p>\n\n\t\t<\/div>\n\t<\/div>\n<\/div><\/div><\/div><\/div><\/div><\/div><\/div><\/div><div class=\"vc_separator wpb_content_element vc_separator_align_center vc_sep_width_100 vc_sep_pos_align_center vc_separator_no_text vc_sep_color_grey wpb_content_element  wpb_content_element\" ><span class=\"vc_sep_holder vc_sep_holder_l\"><span class=\"vc_sep_line\"><\/span><\/span><span class=\"vc_sep_holder vc_sep_holder_r\"><span class=\"vc_sep_line\"><\/span><\/span>\n<\/div><\/div><\/div><\/div><\/div><div class=\"vc_row wpb_row vc_row-fluid\"><div class=\"wpb_column vc_column_container vc_col-sm-12\"><div class=\"vc_column-inner\"><div class=\"wpb_wrapper\"><div class=\"sc_content content_wrap margin_bottom_large\"><div class=\"sc_section aligncenter\"><div class=\"sc_section_inner\"><div class=\"sc_section_content_wrap\"><h6 class=\"sc_title sc_title_regular sc_align_center margin_top_huge margin_bottom_small\" style=\"text-align:center;\"><\/p>\n<p style=\"text-align: center;\">HOW MATCHA TEA IS OBTAINED<\/p>\n<p><\/h6><h4 class=\"sc_title sc_title_regular sc_align_center margin_bottom_large\" style=\"line-height: 1.52;text-align:center;\"><\/p>\n<p style=\"text-align: center;\">Part of the reason Matcha is such a laborious product begins a few weeks before the leaves are harvested. Matcha comes from the Camellia Sinensis plant, like almost all teas, but to make this variety, <strong>the leaves are covered<\/strong> and hide from the sunlight.<\/p>\n<p><\/h4><div class=\"vc_row wpb_row vc_inner vc_row-fluid\"><div class=\"wpb_column vc_column_container vc_col-sm-6\"><div class=\"vc_column-inner\"><div class=\"wpb_wrapper\">\n\t<div  class=\"wpb_single_image wpb_content_element vc_align_left wpb_content_element\">\n\t\t\n\t\t<figure class=\"wpb_wrapper vc_figure\">\n\t\t\t<div class=\"vc_single_image-wrapper   vc_box_border_grey\"><img decoding=\"async\" width=\"560\" height=\"373\" src=\"https:\/\/labuenatierra.es\/wp-content\/uploads\/2017\/11\/Green-Tea-Leaves_1024x1024.jpg\" class=\"vc_single_image-img attachment-full\" alt=\"Green Tea Leaves 1024x1024\" title=\"Green Tea Leaves 1024x1024\" srcset=\"https:\/\/labuenatierra.es\/wp-content\/uploads\/2017\/11\/Green-Tea-Leaves_1024x1024.jpg 560w, https:\/\/labuenatierra.es\/wp-content\/uploads\/2017\/11\/Green-Tea-Leaves_1024x1024-300x200.jpg 300w\" sizes=\"(max-width: 560px) 100vw, 560px\" \/><\/div>\n\t\t<\/figure>\n\t<\/div>\n<\/div><\/div><\/div><div class=\"wpb_column vc_column_container vc_col-sm-6\"><div class=\"vc_column-inner\"><div class=\"wpb_wrapper\">\n\t<div class=\"wpb_text_column wpb_content_element\" >\n\t\t<div class=\"wpb_wrapper\">\n\t\t\t<p style=\"text-align: left;\">This means that the plant is forced to produce more chlorophyll, which gives it a stronger, darker green colour. This also means that more amino acids are produced, which gives it a greater sweetness than other green teas.<\/p>\n<p style=\"text-align: left;\">When it is time to harvest, the leaves are selected by hand to obtain the highest quality ones. At this point the leaves are separated from the stems and subjected to a steam bath. At this point we have a tea known as<strong> Aracha<\/strong>which is also consumed.<\/p>\n<p style=\"text-align: left;\">It is at this point in the process that the leaf is separated from the veins and everything else that is not useful for Matcha. The result is known as\u00a0<strong>Tencha tea<\/strong>.<\/p>\n\n\t\t<\/div>\n\t<\/div>\n<\/div><\/div><\/div><\/div><\/div><\/div><\/div><\/div>\n\t<div class=\"wpb_text_column wpb_content_element\" >\n\t\t<div class=\"wpb_wrapper\">\n\t\t\t<p style=\"text-align: left;\">The last step is grinding, after which we obtain the powder that is already\u00a0<strong>Matcha tea<\/strong>. Tradition says that this process has to be carried out with granite stone mills, but with the passage of time and industrialisation this is no longer always so artisanal, which results in different Matcha qualities.<\/p>\n<p style=\"text-align: left;\">We can also find different powdered green teas on the market, which do not necessarily have to be Matcha. Most likely, part of the intermediate process has not been carried out or they simply do not come from plants that have been hidden from sunlight.<\/p>\n\n\t\t<\/div>\n\t<\/div>\n<\/div><\/div><\/div><\/div><div class=\"vc_row wpb_row vc_row-fluid\"><div class=\"wpb_column vc_column_container vc_col-sm-12\"><div class=\"vc_column-inner\"><div class=\"wpb_wrapper\"><div class=\"vc_separator wpb_content_element vc_separator_align_center vc_sep_width_100 vc_sep_pos_align_center vc_separator_no_text vc_sep_color_grey vc_custom_1510657923612 wpb_content_element  vc_custom_1510657923612 wpb_content_element\" ><span class=\"vc_sep_holder vc_sep_holder_l\"><span class=\"vc_sep_line\"><\/span><\/span><span class=\"vc_sep_holder vc_sep_holder_r\"><span class=\"vc_sep_line\"><\/span><\/span>\n<\/div><\/div><\/div><\/div><\/div><div class=\"vc_row wpb_row vc_row-fluid\"><div class=\"wpb_column vc_column_container vc_col-sm-12\"><div class=\"vc_column-inner\"><div class=\"wpb_wrapper\"><div class=\"sc_content content_wrap margin_bottom_large\"><div class=\"sc_section aligncenter\"><div class=\"sc_section_inner\"><div class=\"sc_section_content_wrap\"><h6 class=\"sc_title sc_title_regular sc_align_center margin_top_huge margin_bottom_small\" style=\"text-align:center;\"><\/p>\n<p style=\"text-align: center;\">PROPERTIES<\/p>\n<p><\/h6><h4 class=\"sc_title sc_title_regular sc_align_center margin_bottom_large\" style=\"line-height: 1.52;text-align:center;\">The\u00a0<strong>Matcha tea<\/strong>\u00a0is well known in Japan, but is rapidly gaining popularity worldwide due to its many properties and benefits.<\/h4>\n\t<div class=\"wpb_text_column wpb_content_element\" >\n\t\t<div class=\"wpb_wrapper\">\n\t\t\t<blockquote>\n<p style=\"text-align: center;\">Helping to reduce stress<\/p>\n<p style=\"text-align: center;\">Stimulating defences<\/p>\n<p style=\"text-align: center;\">Reducing cholesterol<\/p>\n<p style=\"text-align: center;\">Fighting cancer<\/p>\n<p style=\"text-align: center;\">Rich in vitamin C, magnesium and zinc.<\/p>\n<p style=\"text-align: center;\">Diuretic<\/p>\n<p style=\"text-align: center;\">Helps control cholesterol<\/p>\n<p style=\"text-align: center;\">Natural detoxifier that helps prevent disease.<\/p>\n<p style=\"text-align: center;\">Prevents ageing,<\/p>\n<p style=\"text-align: center;\">It reduces inflammation and helps you lose weight.<\/p>\n<p style=\"text-align: center;\">Rich in L-theanine, an amino acid that relaxes and energises without exhausting.<\/p>\n<\/blockquote>\n\n\t\t<\/div>\n\t<\/div>\n<\/div><\/div><\/div><\/div><\/div><\/div><\/div><\/div><div class=\"vc_row wpb_row vc_row-fluid\"><div class=\"wpb_column vc_column_container vc_col-sm-12\"><div class=\"vc_column-inner\"><div class=\"wpb_wrapper\"><div class=\"vc_separator wpb_content_element vc_separator_align_center vc_sep_width_100 vc_sep_pos_align_center vc_separator_no_text vc_sep_color_grey wpb_content_element  wpb_content_element\" ><span class=\"vc_sep_holder vc_sep_holder_l\"><span class=\"vc_sep_line\"><\/span><\/span><span class=\"vc_sep_holder vc_sep_holder_r\"><span class=\"vc_sep_line\"><\/span><\/span>\n<\/div><\/div><\/div><\/div><\/div><div class=\"vc_row wpb_row vc_row-fluid\"><div class=\"wpb_column vc_column_container vc_col-sm-12\"><div class=\"vc_column-inner\"><div class=\"wpb_wrapper\"><div class=\"sc_content content_wrap margin_bottom_large\"><div class=\"sc_section aligncenter\"><div class=\"sc_section_inner\"><div class=\"sc_section_content_wrap\"><h6 class=\"sc_title sc_title_regular sc_align_center margin_top_huge margin_bottom_small\" style=\"text-align:center;\"><\/p>\n<p style=\"text-align: center;\">HOW TO PREPARE MATCHA TEA<\/p>\n<p><\/h6><h4 class=\"sc_title sc_title_regular sc_align_center margin_bottom_large\" style=\"line-height: 1.52;text-align:center;\">Due to its use in the\u00a0<strong>Japanese tea ceremony<\/strong>Matcha has many ways of preparation, ranging from a few seconds to the full Japanese tea ceremony.<\/h4><div class=\"vc_row wpb_row vc_inner vc_row-fluid\"><div class=\"wpb_column vc_column_container vc_col-sm-6\"><div class=\"vc_column-inner\"><div class=\"wpb_wrapper\">\n\t<div  class=\"wpb_single_image wpb_content_element vc_align_left wpb_content_element\">\n\t\t\n\t\t<figure class=\"wpb_wrapper vc_figure\">\n\t\t\t<div class=\"vc_single_image-wrapper   vc_box_border_grey\"><img decoding=\"async\" width=\"665\" height=\"444\" src=\"https:\/\/labuenatierra.es\/wp-content\/uploads\/2017\/11\/preparar-te-matcha-tradicional.jpg\" class=\"vc_single_image-img attachment-full\" alt=\"prepare traditional matcha tea\" title=\"prepare traditional matcha tea\" srcset=\"https:\/\/labuenatierra.es\/wp-content\/uploads\/2017\/11\/preparar-te-matcha-tradicional.jpg 665w, https:\/\/labuenatierra.es\/wp-content\/uploads\/2017\/11\/preparar-te-matcha-tradicional-600x401.jpg 600w, https:\/\/labuenatierra.es\/wp-content\/uploads\/2017\/11\/preparar-te-matcha-tradicional-300x200.jpg 300w\" sizes=\"(max-width: 665px) 100vw, 665px\" \/><\/div>\n\t\t<\/figure>\n\t<\/div>\n<\/div><\/div><\/div><div class=\"wpb_column vc_column_container vc_col-sm-6\"><div class=\"vc_column-inner\"><div class=\"wpb_wrapper\">\n\t<div class=\"wpb_text_column wpb_content_element\" >\n\t\t<div class=\"wpb_wrapper\">\n\t\t\t<p style=\"text-align: left;\">To prepare it quickly and drink it at home, simply add half a teaspoon of Matcha tea per cup to a container with water below boiling point, at about 90\u00b0C. Mix it with a lot of energy.<\/p>\n<p style=\"text-align: left;\">The classical preparation is carried out with two Japanese instruments, the chashaku and the chasen. The<strong>\u00a0chashaku<\/strong>\u00a0is a small bamboo teaspoon, and we have to add two measures of it to 75 ml of water. Then use the\u00a0<strong>chasen<\/strong>The result is known as Usucha, a kind of bamboo whisk, to move it vigorously and obtain a mixture with a foam on the top. The result is known as Usucha.<\/p>\n\n\t\t<\/div>\n\t<\/div>\n<\/div><\/div><\/div><\/div>\n\t<div class=\"wpb_text_column wpb_content_element\" >\n\t\t<div class=\"wpb_wrapper\">\n\t\t\t<blockquote>\n<p style=\"text-align: left;\">In addition to being a tea, Matcha is also used as a powder in recipes. We have compiled <strong>5 recipes to prepare with Matcha<\/strong> you can see <span style=\"color: #000000;\"><strong><a href=\"https:\/\/labuenatierra.es\/en\/matcha-recipes\/\" target=\"_blank\" rel=\"noopener noreferrer\">here\u00a0<\/a><\/strong><\/span><\/p>\n<\/blockquote>\n\n\t\t<\/div>\n\t<\/div>\n\n\t<div class=\"wpb_text_column wpb_content_element\" >\n\t\t<div class=\"wpb_wrapper\">\n\t\t\t\n\t\t<\/div>\n\t<\/div>\n<\/div><\/div><\/div><\/div><\/div><\/div><\/div><\/div>\n<\/div>","protected":false},"excerpt":{"rendered":"\u00bfQU\u00c9 ES EL MATCHA? El T\u00e9 Matcha es la hoja entera del t\u00e9 verde, que tras un proceso especial de cultivo, recolecci\u00f3n y secado, se muele para obtener un polvo fino y verde intenso que multiplica los beneficios del t\u00e9 verde. El T\u00e9 Matcha es una bebida centenaria, una de las m\u00e1s cl\u00e1sicas de Jap\u00f3n, [...]","protected":false},"author":1,"featured_media":0,"parent":0,"menu_order":0,"comment_status":"closed","ping_status":"closed","template":"","meta":{"footnotes":""},"class_list":["post-1934","page","type-page","status-publish","hentry"],"_links":{"self":[{"href":"http:\/\/labuenatierra.es\/en\/wp-json\/wp\/v2\/pages\/1934","targetHints":{"allow":["GET"]}}],"collection":[{"href":"http:\/\/labuenatierra.es\/en\/wp-json\/wp\/v2\/pages"}],"about":[{"href":"http:\/\/labuenatierra.es\/en\/wp-json\/wp\/v2\/types\/page"}],"author":[{"embeddable":true,"href":"http:\/\/labuenatierra.es\/en\/wp-json\/wp\/v2\/users\/1"}],"replies":[{"embeddable":true,"href":"http:\/\/labuenatierra.es\/en\/wp-json\/wp\/v2\/comments?post=1934"}],"version-history":[{"count":50,"href":"http:\/\/labuenatierra.es\/en\/wp-json\/wp\/v2\/pages\/1934\/revisions"}],"predecessor-version":[{"id":5591,"href":"http:\/\/labuenatierra.es\/en\/wp-json\/wp\/v2\/pages\/1934\/revisions\/5591"}],"wp:attachment":[{"href":"http:\/\/labuenatierra.es\/en\/wp-json\/wp\/v2\/media?parent=1934"}],"curies":[{"name":"wp","href":"https:\/\/api.w.org\/{rel}","templated":true}]}}